{"id":5600,"date":"2022-11-26T21:08:27","date_gmt":"2022-11-26T17:38:27","guid":{"rendered":"https:\/\/mtpco.net\/?page_id=5600"},"modified":"2025-08-14T21:16:37","modified_gmt":"2025-08-14T17:46:37","slug":"calcined-dolomite","status":"publish","type":"page","link":"https:\/\/mtpco.net\/en\/calcined-dolomite\/","title":{"rendered":"Calcined Dolomite"},"content":{"rendered":"\t\t<div data-elementor-type=\"wp-page\" data-elementor-id=\"5600\" class=\"elementor elementor-5600 elementor-5564\" data-elementor-post-type=\"page\">\n\t\t\t\t\t\t<section class=\"elementor-section elementor-top-section elementor-element elementor-element-8f77103 elementor-section-boxed elementor-section-height-default elementor-section-height-default\" data-id=\"8f77103\" data-element_type=\"section\">\n\t\t\t\t\t\t<div class=\"elementor-container elementor-column-gap-narrow\">\n\t\t\t\t\t<div class=\"elementor-column elementor-col-66 elementor-top-column elementor-element elementor-element-1702b4a\" data-id=\"1702b4a\" data-element_type=\"column\">\n\t\t\t<div class=\"elementor-widget-wrap elementor-element-populated\">\n\t\t\t\t\t\t<div class=\"elementor-element elementor-element-0da4ea2 elementor-widget elementor-widget-text-editor\" data-id=\"0da4ea2\" data-element_type=\"widget\" data-widget_type=\"text-editor.default\">\n\t\t\t\t<div class=\"elementor-widget-container\">\n\t\t\t<style>\/*! elementor - v3.23.0 - 15-07-2024 *\/\n.elementor-widget-text-editor.elementor-drop-cap-view-stacked .elementor-drop-cap{background-color:#69727d;color:#fff}.elementor-widget-text-editor.elementor-drop-cap-view-framed .elementor-drop-cap{color:#69727d;border:3px solid;background-color:transparent}.elementor-widget-text-editor:not(.elementor-drop-cap-view-default) .elementor-drop-cap{margin-top:8px}.elementor-widget-text-editor:not(.elementor-drop-cap-view-default) .elementor-drop-cap-letter{width:1em;height:1em}.elementor-widget-text-editor .elementor-drop-cap{float:right;text-align:center;line-height:1;font-size:50px}.elementor-widget-text-editor .elementor-drop-cap-letter{display:inline-block}<\/style>\t\t\t\t<p style=\"text-align: justify;\"><strong>Calcined dolomite is obtained by the calcination of dolomite, with a high content in calcium and magnesium carbonate CaMg(CO3)2<\/strong><\/p><p>\u00a0<\/p><p style=\"text-align: justify;\">This product has mainly steel applications to improve slagging and to lengthen the lifespan of the refractory linings of ovens and ladles. Also, in metallurgy, chemistry, manufacture of refractory bricks and in stabilization in the process of manufacture of glass, improving its resistance to the aggression of gases and humidity. It can also be used in waste water and sludge treatment, as well as in fertilization and conditioning of terrains.<\/p>\t\t\t\t\t\t<\/div>\n\t\t\t\t<\/div>\n\t\t\t\t\t<\/div>\n\t\t<\/div>\n\t\t\t\t<div class=\"elementor-column elementor-col-33 elementor-top-column elementor-element elementor-element-17c66f0\" data-id=\"17c66f0\" data-element_type=\"column\">\n\t\t\t<div class=\"elementor-widget-wrap elementor-element-populated\">\n\t\t\t\t\t\t<div class=\"elementor-element elementor-element-5262532 elementor-widget elementor-widget-image\" data-id=\"5262532\" data-element_type=\"widget\" data-widget_type=\"image.default\">\n\t\t\t\t<div class=\"elementor-widget-container\">\n\t\t\t<style>\/*! elementor - v3.23.0 - 15-07-2024 *\/\n.elementor-widget-image{text-align:center}.elementor-widget-image a{display:inline-block}.elementor-widget-image a img[src$=\".svg\"]{width:48px}.elementor-widget-image img{vertical-align:middle;display:inline-block}<\/style>\t\t\t\t\t\t\t\t\t\t<img fetchpriority=\"high\" decoding=\"async\" width=\"525\" height=\"479\" src=\"https:\/\/mtpco.net\/wp-content\/uploads\/2022\/11\/Dol-mtpco.jpg\" class=\"attachment-large size-large wp-image-5775\" alt=\"\" srcset=\"https:\/\/mtpco.net\/wp-content\/uploads\/2022\/11\/Dol-mtpco.jpg 874w, https:\/\/mtpco.net\/wp-content\/uploads\/2022\/11\/Dol-mtpco-300x274.jpg 300w, https:\/\/mtpco.net\/wp-content\/uploads\/2022\/11\/Dol-mtpco-768x700.jpg 768w, https:\/\/mtpco.net\/wp-content\/uploads\/2022\/11\/Dol-mtpco-330x300.jpg 330w, https:\/\/mtpco.net\/wp-content\/uploads\/2022\/11\/Dol-mtpco-600x547.jpg 600w\" sizes=\"(max-width: 525px) 100vw, 525px\" \/>\t\t\t\t\t\t\t\t\t\t\t\t\t<\/div>\n\t\t\t\t<\/div>\n\t\t\t\t\t<\/div>\n\t\t<\/div>\n\t\t\t\t\t<\/div>\n\t\t<\/section>\n\t\t\t\t<section class=\"elementor-section elementor-top-section elementor-element elementor-element-8fe8f80 elementor-section-boxed elementor-section-height-default elementor-section-height-default\" data-id=\"8fe8f80\" data-element_type=\"section\">\n\t\t\t\t\t\t<div class=\"elementor-container elementor-column-gap-default\">\n\t\t\t\t\t<div class=\"elementor-column elementor-col-100 elementor-top-column elementor-element elementor-element-6d78036\" data-id=\"6d78036\" data-element_type=\"column\">\n\t\t\t<div class=\"elementor-widget-wrap elementor-element-populated\">\n\t\t\t\t\t\t<div class=\"elementor-element elementor-element-4336e5d elementor-widget elementor-widget-spacer\" data-id=\"4336e5d\" data-element_type=\"widget\" data-widget_type=\"spacer.default\">\n\t\t\t\t<div class=\"elementor-widget-container\">\n\t\t\t<style>\/*! elementor - v3.23.0 - 15-07-2024 *\/\n.elementor-column .elementor-spacer-inner{height:var(--spacer-size)}.e-con{--container-widget-width:100%}.e-con-inner>.elementor-widget-spacer,.e-con>.elementor-widget-spacer{width:var(--container-widget-width,var(--spacer-size));--align-self:var(--container-widget-align-self,initial);--flex-shrink:0}.e-con-inner>.elementor-widget-spacer>.elementor-widget-container,.e-con>.elementor-widget-spacer>.elementor-widget-container{height:100%;width:100%}.e-con-inner>.elementor-widget-spacer>.elementor-widget-container>.elementor-spacer,.e-con>.elementor-widget-spacer>.elementor-widget-container>.elementor-spacer{height:100%}.e-con-inner>.elementor-widget-spacer>.elementor-widget-container>.elementor-spacer>.elementor-spacer-inner,.e-con>.elementor-widget-spacer>.elementor-widget-container>.elementor-spacer>.elementor-spacer-inner{height:var(--container-widget-height,var(--spacer-size))}.e-con-inner>.elementor-widget-spacer.elementor-widget-empty,.e-con>.elementor-widget-spacer.elementor-widget-empty{position:relative;min-height:22px;min-width:22px}.e-con-inner>.elementor-widget-spacer.elementor-widget-empty .elementor-widget-empty-icon,.e-con>.elementor-widget-spacer.elementor-widget-empty .elementor-widget-empty-icon{position:absolute;top:0;bottom:0;left:0;right:0;margin:auto;padding:0;width:22px;height:22px}<\/style>\t\t<div class=\"elementor-spacer\">\n\t\t\t<div class=\"elementor-spacer-inner\"><\/div>\n\t\t<\/div>\n\t\t\t\t<\/div>\n\t\t\t\t<\/div>\n\t\t\t\t<div class=\"elementor-element elementor-element-42dea33 elementor-widget elementor-widget-image\" data-id=\"42dea33\" data-element_type=\"widget\" data-widget_type=\"image.default\">\n\t\t\t\t<div class=\"elementor-widget-container\">\n\t\t\t\t\t\t\t\t\t\t\t\t\t<img decoding=\"async\" width=\"869\" height=\"57\" src=\"https:\/\/mtpco.net\/wp-content\/uploads\/2022\/11\/calcined-dolomite-table.png\" class=\"attachment-full size-full wp-image-5794\" alt=\"\" srcset=\"https:\/\/mtpco.net\/wp-content\/uploads\/2022\/11\/calcined-dolomite-table.png 869w, https:\/\/mtpco.net\/wp-content\/uploads\/2022\/11\/calcined-dolomite-table-300x20.png 300w, https:\/\/mtpco.net\/wp-content\/uploads\/2022\/11\/calcined-dolomite-table-768x50.png 768w, https:\/\/mtpco.net\/wp-content\/uploads\/2022\/11\/calcined-dolomite-table-600x39.png 600w\" sizes=\"(max-width: 869px) 100vw, 869px\" \/>\t\t\t\t\t\t\t\t\t\t\t\t\t<\/div>\n\t\t\t\t<\/div>\n\t\t\t\t<div class=\"elementor-element elementor-element-bf405ca elementor-widget elementor-widget-spacer\" data-id=\"bf405ca\" data-element_type=\"widget\" data-widget_type=\"spacer.default\">\n\t\t\t\t<div class=\"elementor-widget-container\">\n\t\t\t\t\t<div class=\"elementor-spacer\">\n\t\t\t<div class=\"elementor-spacer-inner\"><\/div>\n\t\t<\/div>\n\t\t\t\t<\/div>\n\t\t\t\t<\/div>\n\t\t\t\t\t<\/div>\n\t\t<\/div>\n\t\t\t\t\t<\/div>\n\t\t<\/section>\n\t\t\t\t<\/div>\n\t\t","protected":false},"excerpt":{"rendered":"<p>\u015eu anda ho\u015f geldiniz teklifleri a\u015f\u0131yor geleneksel &#8220;%100 e\u015fle\u015ftirme&#8221; daha \u00f6nce kullan\u0131lan. Sonu\u00e7 olarak, getiri oranlar\u0131n\u0131 bilmek kumarbazlara fayda sa\u011flar, ve riski y\u00f6netir. Heyecan verici de\u011fil, ama paran\u0131z\u0131 kurtarabilir. Web tabanl\u0131 bahis platformlar\u0131 kolayl\u0131k sunar. Bu, sahte bir kontrol kazanma hissine yol a\u00e7ar, riskli oldu\u011fu hissedildi\u011fi i\u00e7in bahis miktarlar\u0131 artar-\u00fccretsiz bonus fonlar\u0131, kay\u0131plar\u0131n do\u011fru oldu\u011funu [&hellip;]<\/p>\n","protected":false},"author":1,"featured_media":0,"parent":0,"menu_order":0,"comment_status":"closed","ping_status":"closed","template":"","meta":{"footnotes":""},"class_list":["post-5600","page","type-page","status-publish","hentry"],"_links":{"self":[{"href":"https:\/\/mtpco.net\/en\/wp-json\/wp\/v2\/pages\/5600"}],"collection":[{"href":"https:\/\/mtpco.net\/en\/wp-json\/wp\/v2\/pages"}],"about":[{"href":"https:\/\/mtpco.net\/en\/wp-json\/wp\/v2\/types\/page"}],"author":[{"embeddable":true,"href":"https:\/\/mtpco.net\/en\/wp-json\/wp\/v2\/users\/1"}],"replies":[{"embeddable":true,"href":"https:\/\/mtpco.net\/en\/wp-json\/wp\/v2\/comments?post=5600"}],"version-history":[{"count":5,"href":"https:\/\/mtpco.net\/en\/wp-json\/wp\/v2\/pages\/5600\/revisions"}],"predecessor-version":[{"id":6419,"href":"https:\/\/mtpco.net\/en\/wp-json\/wp\/v2\/pages\/5600\/revisions\/6419"}],"wp:attachment":[{"href":"https:\/\/mtpco.net\/en\/wp-json\/wp\/v2\/media?parent=5600"}],"curies":[{"name":"wp","href":"https:\/\/api.w.org\/{rel}","templated":true}]}}